{"id":75,"date":"2018-02-28T17:06:15","date_gmt":"2018-02-28T16:06:15","guid":{"rendered":"http:\/\/4falt.com.de\/?page_id=75"},"modified":"2018-04-09T13:50:34","modified_gmt":"2018-04-09T12:50:34","slug":"ueber-uns","status":"publish","type":"page","link":"https:\/\/4falt.com.de\/?page_id=75","title":{"rendered":"\u00dcber uns"},"content":{"rendered":"<p>Urspr\u00fcnglich aus der Bekleidungsbranche stammend, kristallisierte sich heraus, dass die Liebe und Begeisterung im Bereich Home\/Wohnaccessoires und Interior immer gr\u00f6\u00dfer wurde.<\/p>\n<p>Die Idee der konzeptionellen Verbindung von Textil\/Bekleidung sowie Home-Interior\/Wohnaccessoires hat dazu gef\u00fchrt, dass wir 4falt gegr\u00fcndet haben um dieses Gebiet mehr auszubauen.<\/p>\n<p>Der Ansatz &#8222;Made in Germany&#8220; mit bedarfsgerechter Produktion sowie die Steuerung der Nachhaltigkeit in allen Gebieten unserer Produkte, war ein Herzenswunsch, der uns zur Gr\u00fcndung nur noch mehr bekr\u00e4ftigt hat.<\/p>\n<p>Wir wollen mit interessanten Marken unser Portfolio ausbauen und erg\u00e4nzen, um eine sch\u00f6ne Welt f\u00fcr euch zu erschaffen.<\/p>\n<p>Unsere Welt&#8230;<\/p>\n","protected":false},"excerpt":{"rendered":"<p>Urspr\u00fcnglich aus der Bekleidungsbranche stammend, kristallisierte sich heraus, dass die Liebe und Begeisterung im Bereich Home\/Wohnaccessoires und Interior immer gr\u00f6\u00dfer wurde. Die Idee der konzeptionellen Verbindung von Textil\/Bekleidung sowie Home-Interior\/Wohnaccessoires hat dazu gef\u00fchrt, dass wir 4falt gegr\u00fcndet haben um dieses Gebiet mehr auszubauen. Der Ansatz &#8222;Made in Germany&#8220; mit bedarfsgerechter Produktion sowie die Steuerung der &hellip; <\/p>\n<p class=\"link-more\"><a href=\"https:\/\/4falt.com.de\/?page_id=75\" class=\"more-link\"><span class=\"screen-reader-text\">\u201e\u00dcber uns\u201c <\/span>weiterlesen<\/a><\/p>\n","protected":false},"author":1,"featured_media":53,"parent":0,"menu_order":1,"comment_status":"closed","ping_status":"closed","template":"","meta":{"jetpack_post_was_ever_published":false,"footnotes":""},"class_list":["post-75","page","type-page","status-publish","has-post-thumbnail","hentry"],"jetpack_sharing_enabled":true,"jetpack_shortlink":"https:\/\/wp.me\/P9HJnr-1d","_links":{"self":[{"href":"https:\/\/4falt.com.de\/index.php?rest_route=\/wp\/v2\/pages\/75","targetHints":{"allow":["GET"]}}],"collection":[{"href":"https:\/\/4falt.com.de\/index.php?rest_route=\/wp\/v2\/pages"}],"about":[{"href":"https:\/\/4falt.com.de\/index.php?rest_route=\/wp\/v2\/types\/page"}],"author":[{"embeddable":true,"href":"https:\/\/4falt.com.de\/index.php?rest_route=\/wp\/v2\/users\/1"}],"replies":[{"embeddable":true,"href":"https:\/\/4falt.com.de\/index.php?rest_route=%2Fwp%2Fv2%2Fcomments&post=75"}],"version-history":[{"count":6,"href":"https:\/\/4falt.com.de\/index.php?rest_route=\/wp\/v2\/pages\/75\/revisions"}],"predecessor-version":[{"id":113,"href":"https:\/\/4falt.com.de\/index.php?rest_route=\/wp\/v2\/pages\/75\/revisions\/113"}],"wp:featuredmedia":[{"embeddable":true,"href":"https:\/\/4falt.com.de\/index.php?rest_route=\/wp\/v2\/media\/53"}],"wp:attachment":[{"href":"https:\/\/4falt.com.de\/index.php?rest_route=%2Fwp%2Fv2%2Fmedia&parent=75"}],"curies":[{"name":"wp","href":"https:\/\/api.w.org\/{rel}","templated":true}]}}