{"id":70,"date":"2018-02-28T16:58:32","date_gmt":"2018-02-28T15:58:32","guid":{"rendered":"http:\/\/4falt.com.de\/?page_id=70"},"modified":"2018-04-09T13:52:19","modified_gmt":"2018-04-09T12:52:19","slug":"willkommen-bei-4falt","status":"publish","type":"page","link":"https:\/\/4falt.com.de\/","title":{"rendered":"Willkommen bei 4falt"},"content":{"rendered":"<p>4falt steht f\u00fcr vie(r)lf\u00e4ltige Produkte, Konzepte, Designs und Vertriebswege.<\/p>\n<p>Wir bieten euch qualitativ hochwertige Home-Interior, Wohnaccessoires sowie Textilien und Lederaccessoires an. Unsere Produkte sind mit viel Liebe und bedacht ausgew\u00e4hlt. Zudem erg\u00e4nzen wir unsere Konzepte mit eigenen Ideen, die hier in unseren 4 W\u00e4nden entworfen, entwickelt und gefertigt werden.<\/p>\n","protected":false},"excerpt":{"rendered":"<p>4falt steht f\u00fcr vie(r)lf\u00e4ltige Produkte, Konzepte, Designs und Vertriebswege. Wir bieten euch qualitativ hochwertige Home-Interior, Wohnaccessoires sowie Textilien und Lederaccessoires an. Unsere Produkte sind mit viel Liebe und bedacht ausgew\u00e4hlt. Zudem erg\u00e4nzen wir unsere Konzepte mit eigenen Ideen, die hier in unseren 4 W\u00e4nden entworfen, entwickelt und gefertigt werden.<\/p>\n","protected":false},"author":1,"featured_media":0,"parent":0,"menu_order":0,"comment_status":"closed","ping_status":"closed","template":"","meta":{"jetpack_post_was_ever_published":false,"footnotes":""},"class_list":["post-70","page","type-page","status-publish","hentry"],"jetpack_sharing_enabled":true,"jetpack_shortlink":"https:\/\/wp.me\/P9HJnr-18","_links":{"self":[{"href":"https:\/\/4falt.com.de\/index.php?rest_route=\/wp\/v2\/pages\/70","targetHints":{"allow":["GET"]}}],"collection":[{"href":"https:\/\/4falt.com.de\/index.php?rest_route=\/wp\/v2\/pages"}],"about":[{"href":"https:\/\/4falt.com.de\/index.php?rest_route=\/wp\/v2\/types\/page"}],"author":[{"embeddable":true,"href":"https:\/\/4falt.com.de\/index.php?rest_route=\/wp\/v2\/users\/1"}],"replies":[{"embeddable":true,"href":"https:\/\/4falt.com.de\/index.php?rest_route=%2Fwp%2Fv2%2Fcomments&post=70"}],"version-history":[{"count":4,"href":"https:\/\/4falt.com.de\/index.php?rest_route=\/wp\/v2\/pages\/70\/revisions"}],"predecessor-version":[{"id":112,"href":"https:\/\/4falt.com.de\/index.php?rest_route=\/wp\/v2\/pages\/70\/revisions\/112"}],"wp:attachment":[{"href":"https:\/\/4falt.com.de\/index.php?rest_route=%2Fwp%2Fv2%2Fmedia&parent=70"}],"curies":[{"name":"wp","href":"https:\/\/api.w.org\/{rel}","templated":true}]}}